{"id":238,"date":"2020-12-15T10:47:17","date_gmt":"2020-12-15T09:47:17","guid":{"rendered":"http:\/\/6294866244483.hostingkunde.de\/?page_id=238"},"modified":"2020-12-30T14:33:00","modified_gmt":"2020-12-30T13:33:00","slug":"kostenuebernahme-ablauf","status":"publish","type":"page","link":"https:\/\/psychotherapie-weissinger.de\/?page_id=238","title":{"rendered":"Kosten\u00fcbernahme \/Ablauf"},"content":{"rendered":"<p>[av_one_third first min_height=&#8217;av-equal-height-column&#8216; vertical_alignment=&#8217;av-align-top&#8216; space=&#8220; row_boxshadow_color=&#8220; row_boxshadow_width=&#8217;10&#8216; margin=&#8217;0px&#8216; margin_sync=&#8217;true&#8216; mobile_breaking=&#8220; border=&#8220; border_color=&#8220; radius=&#8217;0px&#8216; radius_sync=&#8217;true&#8216; padding=&#8217;10px&#8216; padding_sync=&#8217;true&#8216; column_boxshadow_color=&#8220; column_boxshadow_width=&#8217;10&#8216; background=&#8217;bg_color&#8216; background_color=&#8220; background_gradient_color1=&#8220; background_gradient_color2=&#8220; background_gradient_direction=&#8217;vertical&#8216; src=&#8220; attachment=&#8220; attachment_size=&#8220; background_position=&#8217;top left&#8216; background_repeat=&#8217;no-repeat&#8216; highlight_size=&#8217;1.1&#8242; animation=&#8220; link=&#8220; linktarget=&#8220; link_hover=&#8220; title_attr=&#8220; alt_attr=&#8220; mobile_display=&#8220; id=&#8220; custom_class=&#8220; aria_label=&#8220; av_uid=&#8217;av-kipsxfqe&#8216;]<br \/>\n[av_image src=&#8217;http:\/\/6294866244483.hostingkunde.de\/wp-content\/uploads\/2020\/12\/kosten-300&#215;105.png&#8216; attachment=&#8217;270&#8242; attachment_size=&#8217;medium&#8216; copyright=&#8220; caption=&#8220; styling=&#8220; align=&#8217;left&#8216; font_size=&#8220; overlay_opacity=&#8217;0.4&#8242; overlay_color=&#8217;#000000&#8242; overlay_text_color=&#8217;#ffffff&#8216; animation=&#8217;no-animation&#8216; hover=&#8220; appearance=&#8220; link=&#8220; target=&#8220; title_attr=&#8220; alt_attr=&#8220; lazy_loading=&#8217;disabled&#8216; id=&#8220; custom_class=&#8220; av_element_hidden_in_editor=&#8217;0&#8242; av_uid=&#8217;av-kipw4ggj&#8216; admin_preview_bg=&#8220;][\/av_image]<\/p>\n<p>[av_image src=&#8217;http:\/\/6294866244483.hostingkunde.de\/wp-content\/uploads\/2020\/12\/kosten-2.png&#8216; attachment=&#8217;252&#8242; attachment_size=&#8217;full&#8216; copyright=&#8220; caption=&#8220; styling=&#8220; align=&#8217;center&#8216; font_size=&#8220; overlay_opacity=&#8217;0.4&#8242; overlay_color=&#8217;#000000&#8242; overlay_text_color=&#8217;#ffffff&#8216; animation=&#8217;no-animation&#8216; hover=&#8220; appearance=&#8220; link=&#8220; target=&#8220; title_attr=&#8220; alt_attr=&#8220; lazy_loading=&#8217;disabled&#8216; id=&#8220; custom_class=&#8220; av_element_hidden_in_editor=&#8217;0&#8242; av_uid=&#8217;av-kipt6w4y&#8216; admin_preview_bg=&#8220;][\/av_image]<br \/>\n[\/av_one_third]<\/p>\n<p>[av_one_third min_height=&#8220; vertical_alignment=&#8217;av-align-top&#8216; space=&#8220; row_boxshadow_color=&#8220; row_boxshadow_width=&#8217;10&#8216; margin=&#8217;0px&#8216; margin_sync=&#8217;true&#8216; mobile_breaking=&#8220; border=&#8220; border_color=&#8220; radius=&#8217;0px&#8216; radius_sync=&#8217;true&#8216; padding=&#8217;10px&#8216; padding_sync=&#8217;true&#8216; column_boxshadow_color=&#8220; column_boxshadow_width=&#8217;10&#8216; background=&#8217;bg_color&#8216; background_color=&#8220; background_gradient_color1=&#8220; background_gradient_color2=&#8220; background_gradient_direction=&#8217;vertical&#8216; src=&#8220; attachment=&#8220; attachment_size=&#8220; background_position=&#8217;top left&#8216; background_repeat=&#8217;no-repeat&#8216; highlight_size=&#8217;1.1&#8242; animation=&#8220; link=&#8220; linktarget=&#8220; link_hover=&#8220; title_attr=&#8220; alt_attr=&#8220; mobile_display=&#8220; id=&#8220; custom_class=&#8220; aria_label=&#8220; av_uid=&#8217;av-kipsxfqe&#8216;]<br \/>\n[av_textblock size=&#8217;15&#8216; av-medium-font-size=&#8220; av-small-font-size=&#8220; av-mini-font-size=&#8220; font_color=&#8220; color=&#8220; id=&#8220; custom_class=&#8220; av_uid=&#8217;av-kipsxzz8&#8242; admin_preview_bg=&#8220;]<br \/>\nIch habe die Kassenzulassung f\u00fcr Verhaltens-therapie bei Erwachsenen durch die Kassen\u00e4rztliche Vereinigung Stuttgart.<\/p>\n<p>Die gesetzlichen Krankenversicherungen \u00fcbernehmen in der Regel die Kosten f\u00fcr die verhaltenstherapeutische Behandlung. Der erforderliche Antrag auf Kosten\u00fcbernahme bei Ihrer Versicherung wird nach den ersten Terminen gestellt. F\u00fcr die Abrechnung mit der Gesetzlichen Krankenversicherung ist es notwendig, dass Sie in jedem Quartal Ihre Versichertenkarte zum Einlesen vorlegen. Ein \u00dcberweisungsschein ist nicht notwendig.<\/p>\n<p>Bei privaten Krankenversicherungen gelten die individuellen Bestimmungen Ihres Versicherungsvertrages. Um diese abzukl\u00e4ren, nehmen Sie bitte zeitnah Kontakt zu Ihrer privaten Versicherung auf.<br \/>\n[\/av_textblock]<br \/>\n[\/av_one_third]<\/p>\n<p>[av_one_third min_height=&#8220; vertical_alignment=&#8217;av-align-top&#8216; space=&#8220; row_boxshadow_color=&#8220; row_boxshadow_width=&#8217;10&#8216; margin=&#8217;0px&#8216; margin_sync=&#8217;true&#8216; mobile_breaking=&#8220; border=&#8220; border_color=&#8220; radius=&#8217;0px&#8216; radius_sync=&#8217;true&#8216; padding=&#8217;10px&#8216; padding_sync=&#8217;true&#8216; column_boxshadow_color=&#8220; column_boxshadow_width=&#8217;10&#8216; background=&#8217;bg_color&#8216; background_color=&#8220; background_gradient_color1=&#8220; background_gradient_color2=&#8220; background_gradient_direction=&#8217;vertical&#8216; src=&#8220; attachment=&#8220; attachment_size=&#8220; background_position=&#8217;top left&#8216; background_repeat=&#8217;no-repeat&#8216; highlight_size=&#8217;1.1&#8242; animation=&#8220; link=&#8220; linktarget=&#8220; link_hover=&#8220; title_attr=&#8220; alt_attr=&#8220; mobile_display=&#8220; id=&#8220; custom_class=&#8220; aria_label=&#8220; av_uid=&#8217;av-kipsxfqe&#8216;]<br \/>\n[av_textblock size=&#8217;15&#8216; av-medium-font-size=&#8220; av-small-font-size=&#8220; av-mini-font-size=&#8220; font_color=&#8220; color=&#8220; id=&#8220; custom_class=&#8220; av_uid=&#8217;av-kipsz6bk&#8216; admin_preview_bg=&#8220;]<br \/>\nZun\u00e4chst wird ein Termin f\u00fcr eine Psycho-therapeutische Sprechstunde, entsprechend der seit dem 01. April 2017 geltenden Psychotherapie-Richtlinien, vereinbart.<br \/>\nDie Sprechstunde (1-3 Termine \u00e0 50 Minuten) dient der Abkl\u00e4rung, ob eine Psychotherapie notwendig und sinnvoll ist. Der Termin in der Sprechstunde ist aber nicht mit einem freien Therapieplatz gleichzusetzen, gleichzeitig aber auch Voraussetzung f\u00fcr eine Behandlung bei mir.<\/p>\n<p><strong>Sprechstundentermine biete ich nur nach Absprache an.<\/strong><br \/>\n[\/av_textblock]<br \/>\n[\/av_one_third]<\/p>\n<p>[av_hr class=&#8217;custom&#8216; icon_select=&#8217;no&#8216; icon=&#8217;ue808&#8242; font=&#8217;entypo-fontello&#8216; position=&#8217;center&#8216; shadow=&#8217;no-shadow&#8216; height=&#8217;50&#8216; custom_border=&#8217;av-border-fat&#8216; custom_width=&#8217;100%&#8216; custom_margin_top=&#8217;30px&#8216; custom_margin_bottom=&#8217;30px&#8216; custom_border_color=&#8217;#c9204a&#8216; custom_icon_color=&#8220; id=&#8220; custom_class=&#8220; av_uid=&#8217;av-kjbgl85f&#8216; admin_preview_bg=&#8220;]<\/p>\n","protected":false},"excerpt":{"rendered":"<p>[av_one_third first min_height=&#8217;av-equal-height-column&#8216; vertical_alignment=&#8217;av-align-top&#8216; space=&#8220; row_boxshadow_color=&#8220; row_boxshadow_width=&#8217;10&#8216; margin=&#8217;0px&#8216; margin_sync=&#8217;true&#8216; mobile_breaking=&#8220; border=&#8220; border_color=&#8220; radius=&#8217;0px&#8216; radius_sync=&#8217;true&#8216; padding=&#8217;10px&#8216; padding_sync=&#8217;true&#8216; column_boxshadow_color=&#8220; column_boxshadow_width=&#8217;10&#8216; background=&#8217;bg_color&#8216; background_color=&#8220; background_gradient_color1=&#8220; background_gradient_color2=&#8220; background_gradient_direction=&#8217;vertical&#8216; src=&#8220; attachment=&#8220; attachment_size=&#8220; background_position=&#8217;top left&#8216; background_repeat=&#8217;no-repeat&#8216; highlight_size=&#8217;1.1&#8242; animation=&#8220; link=&#8220; linktarget=&#8220; link_hover=&#8220; title_attr=&#8220; alt_attr=&#8220; mobile_display=&#8220; id=&#8220; custom_class=&#8220; aria_label=&#8220; av_uid=&#8217;av-kipsxfqe&#8216;] [av_image src=&#8217;http:\/\/6294866244483.hostingkunde.de\/wp-content\/uploads\/2020\/12\/kosten-300&#215;105.png&#8216; attachment=&#8217;270&#8242; attachment_size=&#8217;medium&#8216; copyright=&#8220; caption=&#8220; styling=&#8220; align=&#8217;left&#8216; font_size=&#8220; overlay_opacity=&#8217;0.4&#8242; overlay_color=&#8217;#000000&#8242; overlay_text_color=&#8217;#ffffff&#8216; animation=&#8217;no-animation&#8216; hover=&#8220; &hellip; <a href=\"https:\/\/psychotherapie-weissinger.de\/?page_id=238\" class=\"more-link\"><span class=\"screen-reader-text\">Kosten\u00fcbernahme \/Ablauf<\/span> weiterlesen <span class=\"meta-nav\">&rarr;<\/span><\/a><\/p>\n","protected":false},"author":1,"featured_media":0,"parent":0,"menu_order":0,"comment_status":"closed","ping_status":"closed","template":"","meta":{"footnotes":""},"class_list":["post-238","page","type-page","status-publish","hentry"],"yoast_head":"<!-- This site is optimized with the Yoast SEO plugin v27.5 - https:\/\/yoast.com\/product\/yoast-seo-wordpress\/ -->\n<title>Kosten\u00fcbernahme \/Ablauf - Psychotherapie Weissinger<\/title>\n<meta name=\"robots\" content=\"index, follow, max-snippet:-1, max-image-preview:large, max-video-preview:-1\" \/>\n<link rel=\"canonical\" href=\"https:\/\/psychotherapie-weissinger.de\/?page_id=238\" \/>\n<meta property=\"og:locale\" content=\"de_DE\" \/>\n<meta property=\"og:type\" content=\"article\" \/>\n<meta property=\"og:title\" content=\"Kosten\u00fcbernahme \/Ablauf - Psychotherapie Weissinger\" \/>\n<meta property=\"og:description\" content=\"[av_one_third first min_height=&#8217;av-equal-height-column&#8216; vertical_alignment=&#8217;av-align-top&#8216; space=&#8220; row_boxshadow_color=&#8220; row_boxshadow_width=&#8217;10&#8216; margin=&#8217;0px&#8216; margin_sync=&#8217;true&#8216; mobile_breaking=&#8220; border=&#8220; border_color=&#8220; radius=&#8217;0px&#8216; radius_sync=&#8217;true&#8216; padding=&#8217;10px&#8216; padding_sync=&#8217;true&#8216; column_boxshadow_color=&#8220; column_boxshadow_width=&#8217;10&#8216; background=&#8217;bg_color&#8216; background_color=&#8220; background_gradient_color1=&#8220; background_gradient_color2=&#8220; background_gradient_direction=&#8217;vertical&#8216; src=&#8220; attachment=&#8220; attachment_size=&#8220; background_position=&#8217;top left&#8216; background_repeat=&#8217;no-repeat&#8216; highlight_size=&#8217;1.1&#8242; animation=&#8220; link=&#8220; linktarget=&#8220; link_hover=&#8220; title_attr=&#8220; alt_attr=&#8220; mobile_display=&#8220; id=&#8220; custom_class=&#8220; aria_label=&#8220; av_uid=&#8217;av-kipsxfqe&#8216;] [av_image src=&#8217;http:\/\/6294866244483.hostingkunde.de\/wp-content\/uploads\/2020\/12\/kosten-300&#215;105.png&#8216; attachment=&#8217;270&#8242; attachment_size=&#8217;medium&#8216; copyright=&#8220; caption=&#8220; styling=&#8220; align=&#8217;left&#8216; font_size=&#8220; overlay_opacity=&#8217;0.4&#8242; overlay_color=&#8217;#000000&#8242; overlay_text_color=&#8217;#ffffff&#8216; animation=&#8217;no-animation&#8216; hover=&#8220; &hellip; Kosten\u00fcbernahme \/Ablauf weiterlesen &rarr;\" \/>\n<meta property=\"og:url\" content=\"https:\/\/psychotherapie-weissinger.de\/?page_id=238\" \/>\n<meta property=\"og:site_name\" content=\"Psychotherapie Weissinger\" \/>\n<meta property=\"article:modified_time\" content=\"2020-12-30T13:33:00+00:00\" \/>\n<meta name=\"twitter:card\" content=\"summary_large_image\" \/>\n<meta name=\"twitter:label1\" content=\"Gesch\u00e4tzte Lesezeit\" \/>\n\t<meta name=\"twitter:data1\" content=\"4\u00a0Minuten\" \/>\n<script type=\"application\/ld+json\" class=\"yoast-schema-graph\">{\"@context\":\"https:\\\/\\\/schema.org\",\"@graph\":[{\"@type\":\"WebPage\",\"@id\":\"https:\\\/\\\/psychotherapie-weissinger.de\\\/?page_id=238\",\"url\":\"https:\\\/\\\/psychotherapie-weissinger.de\\\/?page_id=238\",\"name\":\"Kosten\u00fcbernahme \\\/Ablauf - Psychotherapie Weissinger\",\"isPartOf\":{\"@id\":\"https:\\\/\\\/psychotherapie-weissinger.de\\\/#website\"},\"datePublished\":\"2020-12-15T09:47:17+00:00\",\"dateModified\":\"2020-12-30T13:33:00+00:00\",\"breadcrumb\":{\"@id\":\"https:\\\/\\\/psychotherapie-weissinger.de\\\/?page_id=238#breadcrumb\"},\"inLanguage\":\"de\",\"potentialAction\":[{\"@type\":\"ReadAction\",\"target\":[\"https:\\\/\\\/psychotherapie-weissinger.de\\\/?page_id=238\"]}]},{\"@type\":\"BreadcrumbList\",\"@id\":\"https:\\\/\\\/psychotherapie-weissinger.de\\\/?page_id=238#breadcrumb\",\"itemListElement\":[{\"@type\":\"ListItem\",\"position\":1,\"name\":\"Startseite\",\"item\":\"https:\\\/\\\/psychotherapie-weissinger.de\\\/\"},{\"@type\":\"ListItem\",\"position\":2,\"name\":\"Kosten\u00fcbernahme \\\/Ablauf\"}]},{\"@type\":\"WebSite\",\"@id\":\"https:\\\/\\\/psychotherapie-weissinger.de\\\/#website\",\"url\":\"https:\\\/\\\/psychotherapie-weissinger.de\\\/\",\"name\":\"Psychotherapie Weissinger\",\"description\":\"\",\"publisher\":{\"@id\":\"https:\\\/\\\/psychotherapie-weissinger.de\\\/#\\\/schema\\\/person\\\/adc74c4e870871782b4d918611217a15\"},\"potentialAction\":[{\"@type\":\"SearchAction\",\"target\":{\"@type\":\"EntryPoint\",\"urlTemplate\":\"https:\\\/\\\/psychotherapie-weissinger.de\\\/?s={search_term_string}\"},\"query-input\":{\"@type\":\"PropertyValueSpecification\",\"valueRequired\":true,\"valueName\":\"search_term_string\"}}],\"inLanguage\":\"de\"},{\"@type\":[\"Person\",\"Organization\"],\"@id\":\"https:\\\/\\\/psychotherapie-weissinger.de\\\/#\\\/schema\\\/person\\\/adc74c4e870871782b4d918611217a15\",\"name\":\"admin\",\"image\":{\"@type\":\"ImageObject\",\"inLanguage\":\"de\",\"@id\":\"https:\\\/\\\/secure.gravatar.com\\\/avatar\\\/c0b97d87491b6e94f11f95b08a10b24d3c993fddd21f1e2e6e72781b2cd7f39a?s=96&d=mm&r=g\",\"url\":\"https:\\\/\\\/secure.gravatar.com\\\/avatar\\\/c0b97d87491b6e94f11f95b08a10b24d3c993fddd21f1e2e6e72781b2cd7f39a?s=96&d=mm&r=g\",\"contentUrl\":\"https:\\\/\\\/secure.gravatar.com\\\/avatar\\\/c0b97d87491b6e94f11f95b08a10b24d3c993fddd21f1e2e6e72781b2cd7f39a?s=96&d=mm&r=g\",\"caption\":\"admin\"},\"logo\":{\"@id\":\"https:\\\/\\\/secure.gravatar.com\\\/avatar\\\/c0b97d87491b6e94f11f95b08a10b24d3c993fddd21f1e2e6e72781b2cd7f39a?s=96&d=mm&r=g\"}}]}<\/script>\n<!-- \/ Yoast SEO plugin. -->","yoast_head_json":{"title":"Kosten\u00fcbernahme \/Ablauf - Psychotherapie Weissinger","robots":{"index":"index","follow":"follow","max-snippet":"max-snippet:-1","max-image-preview":"max-image-preview:large","max-video-preview":"max-video-preview:-1"},"canonical":"https:\/\/psychotherapie-weissinger.de\/?page_id=238","og_locale":"de_DE","og_type":"article","og_title":"Kosten\u00fcbernahme \/Ablauf - Psychotherapie Weissinger","og_description":"[av_one_third first min_height=&#8217;av-equal-height-column&#8216; vertical_alignment=&#8217;av-align-top&#8216; space=&#8220; row_boxshadow_color=&#8220; row_boxshadow_width=&#8217;10&#8216; margin=&#8217;0px&#8216; margin_sync=&#8217;true&#8216; mobile_breaking=&#8220; border=&#8220; border_color=&#8220; radius=&#8217;0px&#8216; radius_sync=&#8217;true&#8216; padding=&#8217;10px&#8216; padding_sync=&#8217;true&#8216; column_boxshadow_color=&#8220; column_boxshadow_width=&#8217;10&#8216; background=&#8217;bg_color&#8216; background_color=&#8220; background_gradient_color1=&#8220; background_gradient_color2=&#8220; background_gradient_direction=&#8217;vertical&#8216; src=&#8220; attachment=&#8220; attachment_size=&#8220; background_position=&#8217;top left&#8216; background_repeat=&#8217;no-repeat&#8216; highlight_size=&#8217;1.1&#8242; animation=&#8220; link=&#8220; linktarget=&#8220; link_hover=&#8220; title_attr=&#8220; alt_attr=&#8220; mobile_display=&#8220; id=&#8220; custom_class=&#8220; aria_label=&#8220; av_uid=&#8217;av-kipsxfqe&#8216;] [av_image src=&#8217;http:\/\/6294866244483.hostingkunde.de\/wp-content\/uploads\/2020\/12\/kosten-300&#215;105.png&#8216; attachment=&#8217;270&#8242; attachment_size=&#8217;medium&#8216; copyright=&#8220; caption=&#8220; styling=&#8220; align=&#8217;left&#8216; font_size=&#8220; overlay_opacity=&#8217;0.4&#8242; overlay_color=&#8217;#000000&#8242; overlay_text_color=&#8217;#ffffff&#8216; animation=&#8217;no-animation&#8216; hover=&#8220; &hellip; Kosten\u00fcbernahme \/Ablauf weiterlesen &rarr;","og_url":"https:\/\/psychotherapie-weissinger.de\/?page_id=238","og_site_name":"Psychotherapie Weissinger","article_modified_time":"2020-12-30T13:33:00+00:00","twitter_card":"summary_large_image","twitter_misc":{"Gesch\u00e4tzte Lesezeit":"4\u00a0Minuten"},"schema":{"@context":"https:\/\/schema.org","@graph":[{"@type":"WebPage","@id":"https:\/\/psychotherapie-weissinger.de\/?page_id=238","url":"https:\/\/psychotherapie-weissinger.de\/?page_id=238","name":"Kosten\u00fcbernahme \/Ablauf - Psychotherapie Weissinger","isPartOf":{"@id":"https:\/\/psychotherapie-weissinger.de\/#website"},"datePublished":"2020-12-15T09:47:17+00:00","dateModified":"2020-12-30T13:33:00+00:00","breadcrumb":{"@id":"https:\/\/psychotherapie-weissinger.de\/?page_id=238#breadcrumb"},"inLanguage":"de","potentialAction":[{"@type":"ReadAction","target":["https:\/\/psychotherapie-weissinger.de\/?page_id=238"]}]},{"@type":"BreadcrumbList","@id":"https:\/\/psychotherapie-weissinger.de\/?page_id=238#breadcrumb","itemListElement":[{"@type":"ListItem","position":1,"name":"Startseite","item":"https:\/\/psychotherapie-weissinger.de\/"},{"@type":"ListItem","position":2,"name":"Kosten\u00fcbernahme \/Ablauf"}]},{"@type":"WebSite","@id":"https:\/\/psychotherapie-weissinger.de\/#website","url":"https:\/\/psychotherapie-weissinger.de\/","name":"Psychotherapie Weissinger","description":"","publisher":{"@id":"https:\/\/psychotherapie-weissinger.de\/#\/schema\/person\/adc74c4e870871782b4d918611217a15"},"potentialAction":[{"@type":"SearchAction","target":{"@type":"EntryPoint","urlTemplate":"https:\/\/psychotherapie-weissinger.de\/?s={search_term_string}"},"query-input":{"@type":"PropertyValueSpecification","valueRequired":true,"valueName":"search_term_string"}}],"inLanguage":"de"},{"@type":["Person","Organization"],"@id":"https:\/\/psychotherapie-weissinger.de\/#\/schema\/person\/adc74c4e870871782b4d918611217a15","name":"admin","image":{"@type":"ImageObject","inLanguage":"de","@id":"https:\/\/secure.gravatar.com\/avatar\/c0b97d87491b6e94f11f95b08a10b24d3c993fddd21f1e2e6e72781b2cd7f39a?s=96&d=mm&r=g","url":"https:\/\/secure.gravatar.com\/avatar\/c0b97d87491b6e94f11f95b08a10b24d3c993fddd21f1e2e6e72781b2cd7f39a?s=96&d=mm&r=g","contentUrl":"https:\/\/secure.gravatar.com\/avatar\/c0b97d87491b6e94f11f95b08a10b24d3c993fddd21f1e2e6e72781b2cd7f39a?s=96&d=mm&r=g","caption":"admin"},"logo":{"@id":"https:\/\/secure.gravatar.com\/avatar\/c0b97d87491b6e94f11f95b08a10b24d3c993fddd21f1e2e6e72781b2cd7f39a?s=96&d=mm&r=g"}}]}},"_links":{"self":[{"href":"https:\/\/psychotherapie-weissinger.de\/index.php?rest_route=\/wp\/v2\/pages\/238","targetHints":{"allow":["GET"]}}],"collection":[{"href":"https:\/\/psychotherapie-weissinger.de\/index.php?rest_route=\/wp\/v2\/pages"}],"about":[{"href":"https:\/\/psychotherapie-weissinger.de\/index.php?rest_route=\/wp\/v2\/types\/page"}],"author":[{"embeddable":true,"href":"https:\/\/psychotherapie-weissinger.de\/index.php?rest_route=\/wp\/v2\/users\/1"}],"replies":[{"embeddable":true,"href":"https:\/\/psychotherapie-weissinger.de\/index.php?rest_route=%2Fwp%2Fv2%2Fcomments&post=238"}],"version-history":[{"count":77,"href":"https:\/\/psychotherapie-weissinger.de\/index.php?rest_route=\/wp\/v2\/pages\/238\/revisions"}],"predecessor-version":[{"id":688,"href":"https:\/\/psychotherapie-weissinger.de\/index.php?rest_route=\/wp\/v2\/pages\/238\/revisions\/688"}],"wp:attachment":[{"href":"https:\/\/psychotherapie-weissinger.de\/index.php?rest_route=%2Fwp%2Fv2%2Fmedia&parent=238"}],"curies":[{"name":"wp","href":"https:\/\/api.w.org\/{rel}","templated":true}]}}